{"id":890,"date":"2025-10-16T10:21:02","date_gmt":"2025-10-16T13:21:02","guid":{"rendered":"https:\/\/www.alfasense.com.br\/?page_id=890"},"modified":"2025-11-17T09:18:50","modified_gmt":"2025-11-17T12:18:50","slug":"centro-de-pesquisa-e-desenvolvimento-pd","status":"publish","type":"page","link":"https:\/\/www.alfasense.com.br\/en\/centro-de-pesquisa-e-desenvolvimento-pd\/","title":{"rendered":"Centro de Pesquisa e Desenvolvimento (P&amp;D)"},"content":{"rendered":"<div class=\"wp-block-columns are-vertically-aligned-center is-layout-flex wp-container-core-columns-is-layout-9d6595d7 wp-block-columns-is-layout-flex\">\n<div class=\"wp-block-column is-vertically-aligned-center is-layout-flow wp-block-column-is-layout-flow\">\n<h2 class=\"wp-block-heading\">Tecnologia e Inova\u00e7\u00e3o<br>em defesa perimetral<br>Desenvolvimento (P&amp;D)<\/h2>\n<\/div>\n\n\n\n<div class=\"wp-block-column is-vertically-aligned-center is-layout-flow wp-block-column-is-layout-flow\">\n<p>Nos dedicamos \u00e0 pesquisa, desenvolvimento e fabrica\u00e7\u00e3o de solu\u00e7\u00f5es de defesa perimetral baseadas em fot\u00f4nica e eletr\u00f4nica avan\u00e7ada, do <strong>hardware ao software, <\/strong>aplicando<strong> <\/strong>o que h\u00e1 de mais avan\u00e7ado em <strong>tecnologia de sensoriamento \u00f3ptico <\/strong>e IoT, com alta conectividade e velocidade de processamento.<\/p>\n\n\n\n<p>Criamos e lideramos um <strong>Ecossistema de Pesquisa&nbsp;e&nbsp;Desenvolvimento (P&amp;D)<\/strong>, que integra os melhores laborat\u00f3rios, ICTs e Centros de Pesquisas, dedicado \u00e0 cria\u00e7\u00e3o de novas tecnologia e&nbsp; sistemas de defesa, colocados \u00e0 prova atrav\u00e9s de testes rigorosos e valida\u00e7\u00f5es em campo.<\/p>\n\n\n\n<p>Cada solu\u00e7\u00e3o nasce com o compromisso de proporcionar excel\u00eancia t\u00e9cnica e inova\u00e7\u00e3o cont\u00ednua com foco em atender as expectativas do mercado.<\/p>\n<\/div>\n<\/div>","protected":false},"excerpt":{"rendered":"<p>Tecnologia e Inova\u00e7\u00e3oem defesa perimetralDesenvolvimento (P&amp;D) Nos dedicamos \u00e0 pesquisa, desenvolvimento [&hellip;]<\/p>\n","protected":false},"author":1,"featured_media":893,"parent":0,"menu_order":5,"comment_status":"closed","ping_status":"closed","template":"page-centro-de-pesquisa.php","meta":{"_acf_changed":false,"footnotes":""},"class_list":["post-890","page","type-page","status-publish","has-post-thumbnail","hentry"],"acf":[],"_links":{"self":[{"href":"https:\/\/www.alfasense.com.br\/en\/wp-json\/wp\/v2\/pages\/890","targetHints":{"allow":["GET"]}}],"collection":[{"href":"https:\/\/www.alfasense.com.br\/en\/wp-json\/wp\/v2\/pages"}],"about":[{"href":"https:\/\/www.alfasense.com.br\/en\/wp-json\/wp\/v2\/types\/page"}],"author":[{"embeddable":true,"href":"https:\/\/www.alfasense.com.br\/en\/wp-json\/wp\/v2\/users\/1"}],"replies":[{"embeddable":true,"href":"https:\/\/www.alfasense.com.br\/en\/wp-json\/wp\/v2\/comments?post=890"}],"version-history":[{"count":14,"href":"https:\/\/www.alfasense.com.br\/en\/wp-json\/wp\/v2\/pages\/890\/revisions"}],"predecessor-version":[{"id":1100,"href":"https:\/\/www.alfasense.com.br\/en\/wp-json\/wp\/v2\/pages\/890\/revisions\/1100"}],"wp:featuredmedia":[{"embeddable":true,"href":"https:\/\/www.alfasense.com.br\/en\/wp-json\/wp\/v2\/media\/893"}],"wp:attachment":[{"href":"https:\/\/www.alfasense.com.br\/en\/wp-json\/wp\/v2\/media?parent=890"}],"curies":[{"name":"wp","href":"https:\/\/api.w.org\/{rel}","templated":true}]}}