{"id":330,"date":"2025-04-02T14:16:57","date_gmt":"2025-04-02T17:16:57","guid":{"rendered":"https:\/\/www.alfasense.com.br\/?page_id=330"},"modified":"2025-11-04T11:13:14","modified_gmt":"2025-11-04T14:13:14","slug":"sistemas-de-defesa","status":"publish","type":"page","link":"https:\/\/www.alfasense.com.br\/en\/sistemas-de-defesa\/","title":{"rendered":"Sistemas de Defesa"},"content":{"rendered":"<p>A A\\SENSE empresa 100% Brasileira, refer\u00eancia no desenvolvimento e fabrica\u00e7\u00e3o de solu\u00e7\u00f5es avan\u00e7adas com um conjunto de hardware e software e tecnologia embarcada de Sensoriamento \u00d3ptico e IoT, com alta conectividade e alta velocidade de processamento e an\u00e1lise.<\/p>\n\n\n\n<p><strong>A sua primeira linha de defesa do seu ativo de alto valor.<\/strong><\/p>\n\n\n\n<p>Atrav\u00e9s de algoritmos inteligentes e sensores \u00f3pticos e fibra \u00f3ptica, que detectam comportamentos estranhos ou tentativa de intrus\u00f5es ao redor do per\u00edmetro.<\/p>","protected":false},"excerpt":{"rendered":"<p>A A\\SENSE empresa 100% Brasileira, refer\u00eancia no desenvolvimento e fabrica\u00e7\u00e3o de [&hellip;]<\/p>\n","protected":false},"author":1,"featured_media":819,"parent":0,"menu_order":4,"comment_status":"closed","ping_status":"closed","template":"page-sistemas-de-defesa.php","meta":{"_acf_changed":false,"footnotes":""},"class_list":["post-330","page","type-page","status-publish","has-post-thumbnail","hentry"],"acf":[],"_links":{"self":[{"href":"https:\/\/www.alfasense.com.br\/en\/wp-json\/wp\/v2\/pages\/330","targetHints":{"allow":["GET"]}}],"collection":[{"href":"https:\/\/www.alfasense.com.br\/en\/wp-json\/wp\/v2\/pages"}],"about":[{"href":"https:\/\/www.alfasense.com.br\/en\/wp-json\/wp\/v2\/types\/page"}],"author":[{"embeddable":true,"href":"https:\/\/www.alfasense.com.br\/en\/wp-json\/wp\/v2\/users\/1"}],"replies":[{"embeddable":true,"href":"https:\/\/www.alfasense.com.br\/en\/wp-json\/wp\/v2\/comments?post=330"}],"version-history":[{"count":8,"href":"https:\/\/www.alfasense.com.br\/en\/wp-json\/wp\/v2\/pages\/330\/revisions"}],"predecessor-version":[{"id":1049,"href":"https:\/\/www.alfasense.com.br\/en\/wp-json\/wp\/v2\/pages\/330\/revisions\/1049"}],"wp:featuredmedia":[{"embeddable":true,"href":"https:\/\/www.alfasense.com.br\/en\/wp-json\/wp\/v2\/media\/819"}],"wp:attachment":[{"href":"https:\/\/www.alfasense.com.br\/en\/wp-json\/wp\/v2\/media?parent=330"}],"curies":[{"name":"wp","href":"https:\/\/api.w.org\/{rel}","templated":true}]}}