{"id":122,"date":"2025-01-06T14:20:55","date_gmt":"2025-01-06T17:20:55","guid":{"rendered":"https:\/\/www.alfasense.com.br\/?page_id=122"},"modified":"2025-11-03T11:41:27","modified_gmt":"2025-11-03T14:41:27","slug":"contato","status":"publish","type":"page","link":"https:\/\/www.alfasense.com.br\/en\/contato\/","title":{"rendered":"Contato"},"content":{"rendered":"<p>Precisa de uma solu\u00e7\u00e3o de seguran\u00e7a perimetral de alta performance? Preencha o formul\u00e1rio abaixo ou, se preferir, <a href=\"https:\/\/api.whatsapp.com\/send?1=pt_br&amp;phone=5511945738481\" target=\"_blank\" rel=\"noreferrer noopener\">envie uma mensagem pelo WhatsApp.<\/a> Entraremos em contato com voc\u00ea em breve.<\/p>\n\n\n\n<div class=\"forminator-guttenberg\"><div class=\"forminator-ui forminator-custom-form forminator-custom-form-481 forminator-design--default  forminator_ajax\" data-forminator-render=\"0\" data-form=\"forminator-module-481\" data-uid=\"69f45dcc95d21\"><br\/><\/div><form\r\n\t\t\t\tid=\"forminator-module-481\"\r\n\t\t\t\tclass=\"forminator-ui forminator-custom-form forminator-custom-form-481 forminator-design--default  forminator_ajax\"\r\n\t\t\t\tmethod=\"post\"\r\n\t\t\t\tdata-forminator-render=\"0\"\r\n\t\t\t\tdata-form-id=\"481\"\r\n\t\t\t\t data-color-option=\"theme\" data-design=\"default\" data-grid=\"open\" style=\"display: none;\"\r\n\t\t\t\tdata-uid=\"69f45dcc95d21\" action=\"\"\r\n\t\t\t><div role=\"alert\" aria-live=\"polite\" class=\"forminator-response-message forminator-error\" aria-hidden=\"true\"><\/div><div class=\"forminator-row\"><div id=\"name-1\" class=\"forminator-field-name forminator-col forminator-col-6\"><div class=\"forminator-field\"><label for=\"forminator-field-name-1_69f45dcc95d21\" id=\"forminator-field-name-1_69f45dcc95d21-label\" class=\"forminator-label\">Nome <span class=\"forminator-required\">*<\/span><\/label><input type=\"text\" name=\"name-1\" value=\"\" placeholder=\"Nome\" id=\"forminator-field-name-1_69f45dcc95d21\" class=\"forminator-input forminator-name--field\" aria-required=\"true\" autocomplete=\"name\" \/><\/div><\/div><div id=\"email-1\" class=\"forminator-field-email forminator-col forminator-col-6\"><div class=\"forminator-field\"><label for=\"forminator-field-email-1_69f45dcc95d21\" id=\"forminator-field-email-1_69f45dcc95d21-label\" class=\"forminator-label\">E-mail <span class=\"forminator-required\">*<\/span><\/label><input type=\"email\" name=\"email-1\" value=\"\" placeholder=\"E-mail\" id=\"forminator-field-email-1_69f45dcc95d21\" class=\"forminator-input forminator-email--field\" data-required=\"1\" aria-required=\"true\" autocomplete=\"email\" \/><\/div><\/div><\/div><div class=\"forminator-row\"><div id=\"phone-1\" class=\"forminator-field-phone forminator-col forminator-col-12\"><div class=\"forminator-field\"><label for=\"forminator-field-phone-1_69f45dcc95d21\" id=\"forminator-field-phone-1_69f45dcc95d21-label\" class=\"forminator-label\">Telefone<\/label><input type=\"text\" name=\"phone-1\" value=\"\" placeholder=\"Telefone\" id=\"forminator-field-phone-1_69f45dcc95d21\" class=\"forminator-input forminator-field--phone\" data-required=\"\" aria-required=\"false\" autocomplete=\"off\" data-national_mode=\"enabled\" data-country=\"br\" data-validation=\"standard\" \/><\/div><\/div><\/div><div class=\"forminator-row\"><div id=\"text-1\" class=\"forminator-field-text forminator-col forminator-col-12\"><div class=\"forminator-field\"><label for=\"forminator-field-text-1_69f45dcc95d21\" id=\"forminator-field-text-1_69f45dcc95d21-label\" class=\"forminator-label\">Empresa<\/label><input type=\"text\" name=\"text-1\" value=\"\" placeholder=\"Empresa\" id=\"forminator-field-text-1_69f45dcc95d21\" class=\"forminator-input forminator-name--field\" data-required=\"\" \/><\/div><\/div><\/div><div class=\"forminator-row\"><div id=\"textarea-1\" class=\"forminator-field-textarea forminator-col forminator-col-12\"><div class=\"forminator-field\"><label for=\"forminator-field-textarea-1_69f45dcc95d21\" id=\"forminator-field-textarea-1_69f45dcc95d21-label\" class=\"forminator-label\">Como podemos ajuda-lo? <span class=\"forminator-required\">*<\/span><\/label><span id=\"forminator-field-textarea-1_69f45dcc95d21-description\" class=\"forminator-description\">Informe mais detalhes sobre como podemos ajud\u00e1-lo<\/span><textarea name=\"textarea-1\" placeholder=\"\" id=\"forminator-field-textarea-1_69f45dcc95d21\" class=\"forminator-textarea\" rows=\"6\" style=\"min-height:140px;\" aria-describedby=\"forminator-field-textarea-1_69f45dcc95d21-description\" ><\/textarea><\/div><\/div><\/div><div class=\"forminator-row\"><div id=\"consent-1\" class=\"forminator-field-consent forminator-col forminator-col-12\"><div class=\"forminator-field\"><div class=\"forminator-checkbox__wrapper\"><label id=\"forminator-field-consent-1_69f45dcc95d21__label\" class=\"forminator-checkbox forminator-consent\" aria-labelledby=\"forminator-field-consent-1_69f45dcc95d21-label\"><input type=\"checkbox\" name=\"consent-1\" id=\"forminator-field-consent-1_69f45dcc95d21\" value=\"checked\" aria-labelledby=\"forminator-field-consent-1_69f45dcc95d21-label\" aria-describedby=\"forminator-field-consent-1_69f45dcc95d21__description\" data-required=\"true\" aria-required=\"true\" \/><span class=\"forminator-checkbox-box\" aria-hidden=\"true\"><\/span><\/label><div id=\"forminator-field-consent-1_69f45dcc95d21__description\" class=\"forminator-checkbox__label forminator-consent__label\"><p>Ao enviar essa mensagem, voc\u00ea concorda com a nossa <a rel=\"noopener\" href=\"https:\/\/www.alfasense.com.br\/en\/politica-de-privacidade\/\">Pol\u00edtica de Privacidade<\/a><\/p><\/div><\/div><\/div><\/div><\/div><div class=\"forminator-row forminator-hidden\"><input type=\"hidden\" id=\"hidden-1_69f45dcc95d21\" name=\"hidden-1\" value=\"formulario-contato-site\" \/><\/div><input type=\"hidden\" name=\"referer_url\" value=\"\" \/><div class=\"forminator-row forminator-row-last\"><div class=\"forminator-col\"><div class=\"forminator-field\"><button class=\"forminator-button forminator-button-submit\">Enviar<\/button><\/div><\/div><\/div><input type=\"hidden\" id=\"forminator_nonce\" name=\"forminator_nonce\" value=\"270a99c4af\" \/><input type=\"hidden\" name=\"_wp_http_referer\" value=\"\/en\/wp-json\/wp\/v2\/pages\/122\" \/><input type=\"hidden\" name=\"form_id\" value=\"481\"><input type=\"hidden\" name=\"page_id\" value=\"122\"><input type=\"hidden\" name=\"form_type\" value=\"default\"><input type=\"hidden\" name=\"current_url\" value=\"https:\/\/www.alfasense.com.br\/en\/contato\/\"><input type=\"hidden\" name=\"render_id\" value=\"0\"><input type=\"hidden\" name=\"action\" value=\"forminator_submit_form_custom-forms\"><label for=\"input_8\" class=\"forminator-hidden\" aria-hidden=\"true\">Please do not fill in this field. <input id=\"input_8\" type=\"text\" name=\"input_8\" value=\"\" autocomplete=\"off\"><\/label><input type=\"hidden\" name=\"trp-form-language\" value=\"en\"\/><\/form><\/div>\n\n\n\n<p><\/p>","protected":false},"excerpt":{"rendered":"<p>Precisa de uma solu\u00e7\u00e3o de seguran\u00e7a perimetral de alta performance? Preencha [&hellip;]<\/p>\n","protected":false},"author":1,"featured_media":819,"parent":0,"menu_order":7,"comment_status":"closed","ping_status":"closed","template":"page-contato.php","meta":{"_acf_changed":false,"footnotes":""},"class_list":["post-122","page","type-page","status-publish","has-post-thumbnail","hentry"],"acf":[],"_links":{"self":[{"href":"https:\/\/www.alfasense.com.br\/en\/wp-json\/wp\/v2\/pages\/122","targetHints":{"allow":["GET"]}}],"collection":[{"href":"https:\/\/www.alfasense.com.br\/en\/wp-json\/wp\/v2\/pages"}],"about":[{"href":"https:\/\/www.alfasense.com.br\/en\/wp-json\/wp\/v2\/types\/page"}],"author":[{"embeddable":true,"href":"https:\/\/www.alfasense.com.br\/en\/wp-json\/wp\/v2\/users\/1"}],"replies":[{"embeddable":true,"href":"https:\/\/www.alfasense.com.br\/en\/wp-json\/wp\/v2\/comments?post=122"}],"version-history":[{"count":17,"href":"https:\/\/www.alfasense.com.br\/en\/wp-json\/wp\/v2\/pages\/122\/revisions"}],"predecessor-version":[{"id":1026,"href":"https:\/\/www.alfasense.com.br\/en\/wp-json\/wp\/v2\/pages\/122\/revisions\/1026"}],"wp:featuredmedia":[{"embeddable":true,"href":"https:\/\/www.alfasense.com.br\/en\/wp-json\/wp\/v2\/media\/819"}],"wp:attachment":[{"href":"https:\/\/www.alfasense.com.br\/en\/wp-json\/wp\/v2\/media?parent=122"}],"curies":[{"name":"wp","href":"https:\/\/api.w.org\/{rel}","templated":true}]}}