{"id":116,"date":"2025-01-06T13:37:08","date_gmt":"2025-01-06T16:37:08","guid":{"rendered":"https:\/\/www.alfasense.com.br\/?page_id=116"},"modified":"2025-11-17T09:14:00","modified_gmt":"2025-11-17T12:14:00","slug":"o-que-defendemos","status":"publish","type":"page","link":"https:\/\/www.alfasense.com.br\/en\/o-que-defendemos\/","title":{"rendered":"O que Defendemos"},"content":{"rendered":"<p>A\\SENSE \u00e9 uma empresa 100% Brasileira,, refer\u00eancia em pesquisa, desenvolvimento e fabrica\u00e7\u00e3o de solu\u00e7\u00f5es de defesa perimetral baseadas em fot\u00f4nica e eletr\u00f4nica avan\u00e7ada, do <strong>hardware ao software<\/strong>, aplicando o que h\u00e1 de mais avan\u00e7ado em <strong>tecnologia de sensoriamento \u00f3ptico<\/strong> e IoT, com alta conectividade e velocidade de processamento.<\/p>","protected":false},"excerpt":{"rendered":"<p>A\\SENSE \u00e9 uma empresa 100% Brasileira,, refer\u00eancia em pesquisa, desenvolvimento e [&hellip;]<\/p>\n","protected":false},"author":1,"featured_media":819,"parent":0,"menu_order":3,"comment_status":"closed","ping_status":"closed","template":"page-defendemos.php","meta":{"_acf_changed":false,"footnotes":""},"class_list":["post-116","page","type-page","status-publish","has-post-thumbnail","hentry"],"acf":[],"_links":{"self":[{"href":"https:\/\/www.alfasense.com.br\/en\/wp-json\/wp\/v2\/pages\/116","targetHints":{"allow":["GET"]}}],"collection":[{"href":"https:\/\/www.alfasense.com.br\/en\/wp-json\/wp\/v2\/pages"}],"about":[{"href":"https:\/\/www.alfasense.com.br\/en\/wp-json\/wp\/v2\/types\/page"}],"author":[{"embeddable":true,"href":"https:\/\/www.alfasense.com.br\/en\/wp-json\/wp\/v2\/users\/1"}],"replies":[{"embeddable":true,"href":"https:\/\/www.alfasense.com.br\/en\/wp-json\/wp\/v2\/comments?post=116"}],"version-history":[{"count":12,"href":"https:\/\/www.alfasense.com.br\/en\/wp-json\/wp\/v2\/pages\/116\/revisions"}],"predecessor-version":[{"id":1097,"href":"https:\/\/www.alfasense.com.br\/en\/wp-json\/wp\/v2\/pages\/116\/revisions\/1097"}],"wp:featuredmedia":[{"embeddable":true,"href":"https:\/\/www.alfasense.com.br\/en\/wp-json\/wp\/v2\/media\/819"}],"wp:attachment":[{"href":"https:\/\/www.alfasense.com.br\/en\/wp-json\/wp\/v2\/media?parent=116"}],"curies":[{"name":"wp","href":"https:\/\/api.w.org\/{rel}","templated":true}]}}